{"id":1508,"date":"2018-03-16T10:15:51","date_gmt":"2018-03-16T09:15:51","guid":{"rendered":"http:\/\/swillis.ch\/?page_id=1508"},"modified":"2021-01-26T08:55:31","modified_gmt":"2021-01-26T07:55:31","slug":"weltreise-2017","status":"publish","type":"page","link":"https:\/\/swillis.ch\/?page_id=1508","title":{"rendered":"Weltreise ab 2017"},"content":{"rendered":"<h2><strong>Die Entscheidung 2014<\/strong><\/h2>\n<p>Schon lange war klar, dass wir beide nicht bis zum Alter von 65 arbeiten werden, sondern noch etwas von der Welt sehen und erleben m\u00f6chten. Im Sommer 2014 (welcher Sommer?) haben wir uns definitiv entschieden, ab Mitte 2017 die Welt zu bereisen, nicht nur jeweils f\u00fcr wenige Wochen, sondern auf unbeschr\u00e4nkte Zeit und mit dem Wohnmobil. Unser aktueller Hymer ist jedoch ziemlich ungeeignet, um \u00fcber Stock und Stein, in der W\u00fcste und im Niemandsland zu fahren, auch die Tanks sind zu klein, um \u00fcber l\u00e4ngere Zeit autark unterwegs sein zu k\u00f6nnen.<br \/>\nDie Anschaffung eines gel\u00e4ndeg\u00e4ngigen Modells, welches die oben genannten Eigenschaften mitbringt, hat jedoch noch Zeit, aber mal im Internet schauen und die M\u00f6glichkeiten ausloten, schadet ja nichts! Und wie es kommen musste, ist es auch gekommen: wir haben unser Traummobil im Juli gefunden und \u201eManni\u201c Ende August in unsere Familie aufgenommen!<br \/>\nNur eine Schwierigkeit gab eszu diesem Zeitpunkt noch: ein Expeditionsmobil mit 9,7 t Leergewicht kann nicht mit dem Autopermit gefahren werden! Also dann: nach \u00fcber 30 Jahren nochmals Theorie b\u00fcffeln, Theoriepr\u00fcfung machen, Fahrstunden nehmen, sich wieder daran gew\u00f6hnen, alle Gesetze im Strassenverkehr einzuhalten, mit einem 11,5 m langen Gef\u00e4hrt man\u00f6vrieren lernen \u2026.. und am 10. resp. 11. Dezember die LKW-Pr\u00fcfung erfolgreich meistern! Ab jetzt kann die Planung und das Gel\u00e4ndefahren lernen richtig losgehen!<\/p>\n<style id=\"bwg-style-0\">    #bwg_container1_0 #bwg_container2_0 .bwg-container-0.bwg-standard-thumbnails {      width: 904px;              justify-content: center;        margin:0 auto !important;              background-color: rgba(255, 255, 255, 0.00);            padding-left: 4px;      padding-top: 4px;      max-width: 100%;            }        #bwg_container1_0 #bwg_container2_0 .bwg-container-0.bwg-standard-thumbnails .bwg-item {    justify-content: flex-start;      max-width: 180px;            width: 180px !important;          }    #bwg_container1_0 #bwg_container2_0 .bwg-container-0.bwg-standard-thumbnails .bwg-item a {       margin-right: 4px;       margin-bottom: 4px;    }    #bwg_container1_0 #bwg_container2_0 .bwg-container-0.bwg-standard-thumbnails .bwg-item0 {      padding: 0px;            background-color:rgba(255,255,255, 0.30);      border: 0px none #CCCCCC;      opacity: 1.00;      border-radius: 0;      box-shadow: 0px 0px 0px #888888;    }    #bwg_container1_0 #bwg_container2_0 .bwg-container-0.bwg-standard-thumbnails .bwg-item1 img {      max-height: none;      max-width: none;      padding: 0 !important;    }        @media only screen and (min-width: 480px) {      #bwg_container1_0 #bwg_container2_0 .bwg-container-0.bwg-standard-thumbnails .bwg-item0 {        transition: all 0.3s ease 0s;-webkit-transition: all 0.3s ease 0s;      }      #bwg_container1_0 #bwg_container2_0 .bwg-container-0.bwg-standard-thumbnails .bwg-item0:hover {        -ms-transform: scale(1.1);        -webkit-transform: scale(1.1);        transform: scale(1.1);      }    }          #bwg_container1_0 #bwg_container2_0 .bwg-container-0.bwg-standard-thumbnails .bwg-item1 {      padding-top: 50%;    }        #bwg_container1_0 #bwg_container2_0 .bwg-container-0.bwg-standard-thumbnails .bwg-title2,    #bwg_container1_0 #bwg_container2_0 .bwg-container-0.bwg-standard-thumbnails .bwg-ecommerce2 {      color: #2B2B2B;      font-family: arial;      font-size: 12px;      font-weight: normal;      padding: 2px;      text-shadow: 0px 0px 0px #888888;      max-height: 100%;    }    #bwg_container1_0 #bwg_container2_0 .bwg-container-0.bwg-standard-thumbnails .bwg-thumb-description span {    color: #323A45;    font-family: Ubuntu;    font-size: 12px;    max-height: 100%;    word-wrap: break-word;    }    #bwg_container1_0 #bwg_container2_0 .bwg-container-0.bwg-standard-thumbnails .bwg-play-icon2 {      font-size: 24px;    }    #bwg_container1_0 #bwg_container2_0 .bwg-container-0.bwg-standard-thumbnails .bwg-ecommerce2 {      font-size: 14.4px;      color: #2B2B2B;    }    <\/style>    <div id=\"bwg_container1_0\"         class=\"bwg_container bwg_thumbnail bwg_thumbnails \"         data-right-click-protection=\"0\"         data-bwg=\"0\"         data-scroll=\"0\"         data-gallery-type=\"thumbnails\"         data-gallery-view-type=\"thumbnails\"         data-current-url=\"https:\/\/swillis.ch\/index.php?rest_route=%2Fwp%2Fv2%2Fpages%2F1508\"         data-lightbox-url=\"https:\/\/swillis.ch\/wp-admin\/admin-ajax.php?action=GalleryBox&#038;current_view=0&#038;gallery_id=6&#038;tag=0&#038;theme_id=1&#038;shortcode_id=12&#038;sort_by=order&#038;order_by=asc&#038;current_url=https%3A%2F%2Fswillis.ch%2Findex.php%3Frest_route%3D%252Fwp%252Fv2%252Fpages%252F1508\"         data-gallery-id=\"6\"         data-popup-width=\"800\"         data-popup-height=\"500\"         data-is-album=\"gallery\"         data-buttons-position=\"bottom\">      <div id=\"bwg_container2_0\">             <div id=\"ajax_loading_0\" class=\"bwg_loading_div_1\">      <div class=\"bwg_loading_div_2\">        <div class=\"bwg_loading_div_3\">          <div id=\"loading_div_0\" class=\"bwg_spider_ajax_loading\">          <\/div>        <\/div>      <\/div>    <\/div>            <form id=\"gal_front_form_0\"              class=\"bwg-hidden\"              method=\"post\"              action=\"#\"              data-current=\"0\"              data-shortcode-id=\"12\"              data-gallery-type=\"thumbnails\"              data-gallery-id=\"6\"              data-tag=\"0\"              data-album-id=\"0\"              data-theme-id=\"1\"              data-ajax-url=\"https:\/\/swillis.ch\/wp-admin\/admin-ajax.php?action=bwg_frontend_data\">          <div id=\"bwg_container3_0\" class=\"bwg-background bwg-background-0\">                <div data-max-count=\"5\"         data-thumbnail-width=\"180\"         data-bwg=\"0\"         data-gallery-id=\"6\"         data-lightbox-url=\"https:\/\/swillis.ch\/wp-admin\/admin-ajax.php?action=GalleryBox&amp;current_view=0&amp;gallery_id=6&amp;tag=0&amp;theme_id=1&amp;shortcode_id=12&amp;sort_by=order&amp;order_by=asc&amp;current_url=https%3A%2F%2Fswillis.ch%2Findex.php%3Frest_route%3D%252Fwp%252Fv2%252Fpages%252F1508\"         id=\"bwg_thumbnails_0\"         class=\"bwg-container-0 bwg-thumbnails bwg-standard-thumbnails bwg-container bwg-border-box\">            <div class=\"bwg-item\">        <a class=\"bwg-a \"  data-elementor-open-lightbox=\"no\">                <div class=\"bwg-item0 \">          <div class=\"bwg-item1 \">            <div class=\"bwg-item2\">              <img decoding=\"async\" class=\"skip-lazy bwg_standart_thumb_img_0 \"                   data-id=\"163\"                   data-width=\"\"                   data-height=\"\"                   data-src=\"https:\/\/swillis.ch\/wp-content\/uploads\/photo-gallery\/LKW%20Pr\u00fcfung\/thumb\/LKW%20Armin.JPG\"                   src=\"https:\/\/swillis.ch\/wp-content\/uploads\/photo-gallery\/LKW%20Pr\u00fcfung\/thumb\/LKW%20Armin.JPG\"                   alt=\"LKW Armin \"                   title=\"LKW Armin \" \/>            <\/div>            <div class=\"\">                                                      <\/div>          <\/div>        <\/div>                        <\/a>              <\/div>            <div class=\"bwg-item\">        <a class=\"bwg-a \"  data-elementor-open-lightbox=\"no\">                <div class=\"bwg-item0 \">          <div class=\"bwg-item1 \">            <div class=\"bwg-item2\">              <img decoding=\"async\" class=\"skip-lazy bwg_standart_thumb_img_0 \"                   data-id=\"165\"                   data-width=\"\"                   data-height=\"\"                   data-src=\"https:\/\/swillis.ch\/wp-content\/uploads\/photo-gallery\/LKW%20Pr\u00fcfung\/thumb\/LKW%20Penny.JPG\"                   src=\"https:\/\/swillis.ch\/wp-content\/uploads\/photo-gallery\/LKW%20Pr\u00fcfung\/thumb\/LKW%20Penny.JPG\"                   alt=\"LKW Penny \"                   title=\"LKW Penny \" \/>            <\/div>            <div class=\"\">                                                      <\/div>          <\/div>        <\/div>                        <\/a>              <\/div>            <div class=\"bwg-item\">        <a class=\"bwg-a \"  data-elementor-open-lightbox=\"no\">                <div class=\"bwg-item0 \">          <div class=\"bwg-item1 \">            <div class=\"bwg-item2\">              <img decoding=\"async\" class=\"skip-lazy bwg_standart_thumb_img_0 \"                   data-id=\"164\"                   data-width=\"\"                   data-height=\"\"                   data-src=\"https:\/\/swillis.ch\/wp-content\/uploads\/photo-gallery\/LKW%20Pr\u00fcfung\/thumb\/LKW%20Armin-Penny.JPG\"                   src=\"https:\/\/swillis.ch\/wp-content\/uploads\/photo-gallery\/LKW%20Pr\u00fcfung\/thumb\/LKW%20Armin-Penny.JPG\"                   alt=\"LKW Armin-Penny \"                   title=\"LKW Armin-Penny \" \/>            <\/div>            <div class=\"\">                                                      <\/div>          <\/div>        <\/div>                        <\/a>              <\/div>          <\/div>    <style>      \/*pagination styles*\/      #bwg_container1_0 #bwg_container2_0 .tablenav-pages_0 {\t\t\t\ttext-align: center;\t\t\t\tfont-size: 12px;\t\t\t\tfont-family: segoe ui;\t\t\t\tfont-weight: bold;\t\t\t\tcolor: #666666;\t\t\t\tmargin: 6px 0 4px;\t\t\t\tdisplay: block;      }      @media only screen and (max-width : 320px) {      #bwg_container1_0 #bwg_container2_0 .displaying-num_0 {     \t display: none;      }      }      #bwg_container1_0 #bwg_container2_0 .displaying-num_0 {\t\t\t\tfont-size: 12px;\t\t\t\tfont-family: segoe ui;\t\t\t\tfont-weight: bold;\t\t\t\tcolor: #666666;\t\t\t\tmargin-right: 10px;\t\t\t\tvertical-align: middle;      }      #bwg_container1_0 #bwg_container2_0 .paging-input_0 {\t\t\t\tfont-size: 12px;\t\t\t\tfont-family: segoe ui;\t\t\t\tfont-weight: bold;\t\t\t\tcolor: #666666;\t\t\t\tvertical-align: middle;      }      #bwg_container1_0 #bwg_container2_0 .tablenav-pages_0 a.disabled,      #bwg_container1_0 #bwg_container2_0 .tablenav-pages_0 a.disabled:hover,      #bwg_container1_0 #bwg_container2_0 .tablenav-pages_0 a.disabled:focus,\t\t\t#bwg_container1_0 #bwg_container2_0 .tablenav-pages_0 input.bwg_current_page {\t\t\t\tcursor: default;\t\t\t\tcolor: rgba(102, 102, 102, 0.5);      }      #bwg_container1_0 #bwg_container2_0 .tablenav-pages_0 a,      #bwg_container1_0 #bwg_container2_0 .tablenav-pages_0 input.bwg_current_page {\t\t\t\tcursor: pointer;\t\t\t\ttext-align: center;\t\t\t\tfont-size: 12px;\t\t\t\tfont-family: segoe ui;\t\t\t\tfont-weight: bold;\t\t\t\tcolor: #666666;\t\t\t\ttext-decoration: none;\t\t\t\tpadding: 3px 6px;\t\t\t\tmargin: 0;\t\t\t\tborder-radius: 0;\t\t\t\tborder-style: solid;\t\t\t\tborder-width: 1px;\t\t\t\tborder-color: #E3E3E3;\t\t\t\tbackground-color: #FFFFFF;\t\t\t\topacity: 1.00;\t\t\t\tbox-shadow: 0;\t\t\t\ttransition: all 0.3s ease 0s;-webkit-transition: all 0.3s ease 0s;      }      <\/style>      <span class=\"bwg_nav_cont_0\">              <div class=\"tablenav-pages_0\">                  <\/div>                <input type=\"hidden\" id=\"page_number_0\" name=\"page_number_0\" value=\"1\" \/>      <script type=\"text\/javascript\">        if( jQuery('.bwg_nav_cont_0').length > 1 ) {          jQuery('.bwg_nav_cont_0').first().remove()        }        function spider_page_0(cur, x, y, load_more) {          if (typeof load_more == \"undefined\") {            var load_more = false;          }          if (jQuery(cur).hasClass('disabled')) {            return false;          }          var items_county_0 = 1;          switch (y) {            case 1:              if (x >= items_county_0) {                document.getElementById('page_number_0').value = items_county_0;              }              else {                document.getElementById('page_number_0').value = x + 1;              }              break;            case 2:              document.getElementById('page_number_0').value = items_county_0;              break;            case -1:              if (x == 1) {                document.getElementById('page_number_0').value = 1;              }              else {                document.getElementById('page_number_0').value = x - 1;              }              break;            case -2:              document.getElementById('page_number_0').value = 1;              break;\t\t\t\t\t\tcase 0:              document.getElementById('page_number_0').value = x;              break;            default:              document.getElementById('page_number_0').value = 1;          }          bwg_ajax('gal_front_form_0', '0', 'bwg_thumbnails_0', '0', '', 'gallery', 0, '', '', load_more, '', 1);        }                    jQuery('.first-page-0').on('click', function () {              spider_page_0(this, 1, -2, 'numeric');              return false;            });            jQuery('.prev-page-0').on('click', function () {              spider_page_0(this, 1, -1, 'numeric');              return false;            });            jQuery('.next-page-0').on('click', function () {              spider_page_0(this, 1, 1, 'numeric');              return false;            });            jQuery('.last-page-0').on('click', function () {              spider_page_0(this, 1, 2, 'numeric');              return false;            });        \t\t\t\t\/* Change page on input enter. *\/        function bwg_change_page_0( e, that ) {          if (  e.key == 'Enter' ) {            var to_page = parseInt(jQuery(that).val());            var pages_count = jQuery(that).parents(\".pagination-links\").data(\"pages-count\");            var current_url_param = jQuery(that).attr('data-url-info');            if (to_page > pages_count) {              to_page = 1;            }\t \t\t\t\t\t\t\t\t\t\t\t\tspider_page_0(this, to_page, 0, 'numeric');\t\t\t\t\t\t\treturn false;\t\t\t\t\t\t          }          return true;        }        jQuery('.bwg_load_btn_0').on('click', function () {            spider_page_0(this, 1, 1, true);            return false;        });      <\/script>      <\/span>                <\/div>        <\/form>              <\/div>    <\/div>    <script>      if (document.readyState === 'complete') {        if( typeof bwg_main_ready == 'function' ) {          if ( jQuery(\"#bwg_container1_0\").height() ) {            bwg_main_ready(jQuery(\"#bwg_container1_0\"));          }        }      } else {        document.addEventListener('DOMContentLoaded', function() {          if( typeof bwg_main_ready == 'function' ) {            if ( jQuery(\"#bwg_container1_0\").height() ) {             bwg_main_ready(jQuery(\"#bwg_container1_0\"));            }          }        });      }    <\/script>    \n<div class=\"pdf24Plugin-cp\"> \t<form name=\"pdf24Form0\" method=\"post\" action=\"https:\/\/doc2pdf.pdf24.org\/wordpress.php\" target=\"pdf24PopWin\" onsubmit=\"var pdf24Win = window.open('about:blank', 'pdf24PopWin', 'resizable=yes,scrollbars=yes,width=600,height=250,left='+(screen.width\/2-300)+',top='+(screen.height\/3-125)+''); pdf24Win.focus(); if(typeof pdf24OnCreatePDF === 'function'){void(pdf24OnCreatePDF(this,pdf24Win));}\"> \t\t<input type=\"hidden\" name=\"blogCharset\" value=\"Cw1x07UAAA==\" \/><input type=\"hidden\" name=\"blogPosts\" value=\"MwQA\" \/><input type=\"hidden\" name=\"blogUrl\" value=\"yygpKSi20tcvLs\/Mycks1kvOAAA=\" \/><input type=\"hidden\" name=\"blogName\" value=\"Kw7PzMnJLFYozStJLSpPTS8GAA==\" \/><input type=\"hidden\" name=\"blogValueEncoding\" value=\"gzdeflate base64\" \/><input type=\"hidden\" name=\"postId_0\" value=\"MzQ1sAAA\" \/><input type=\"hidden\" name=\"postTitle_0\" value=\"C0\/NKSlKzSxOVUhMUjAyMDQHAA==\" \/><input type=\"hidden\" name=\"postLink_0\" value=\"yygpKSi20tcvLs\/Mycks1kvO0LcvSExPjc9MsTU0NbAAAA==\" \/><input type=\"hidden\" name=\"postAuthor_0\" value=\"C0jNy6tUUFM2trBWcCzKzcwDAA==\" \/><input type=\"hidden\" name=\"postDateTime_0\" value=\"MzIwtNA1MNY1NFMwNLAyMLYyNQQA\" \/><input type=\"hidden\" name=\"postContent_0\" value=\"7VvdbttGFr5On2KiICu5K0qUHKepY7vr5m\/TJt0s0iLA3ggjcSQyIofEzNCyHBjogyz2qthHyFXu\/CZ9kv3O8EckJTl\/doBiyySOeObM+T9nzszIB\/7w6EAbFcvZ0cNAsEfS6IkvAi+VMzZ0B3cO+vnoQR+oXx0kRy8nfixZyOVMsAVXbB5y1WUe15otAsXGmCyYDCa+YeNAs7M0YsehEYqdYNrdPcYVUIyQbCGUJ2SX6Vh6Qkkm44nPhFlwbVEBY69EaJgWPrBT6TGhQjHG5+jiLcgL2WNPI\/YyjiKgkrCssxAhxFc58Lsd5nOaQIKlUoPmNJCBCU6YsIoGwkrAx+x5YIwgIt8wD3awjM9SaKNEoAkn00imir0WCxGEmk0v3ikoIQMY4hVkr+rC0ykYjgV4qIvf5By0\/wWtrRYR\/vdEhDm+jOJxEPbYL1JDaD43qQhDfPr7klQKtAEzj8xyFogohAQgMBMimElhugyWvXg3Jm1NPJlb2i+NCCBGkJvv4p0GZxoIIvYTaHDpabjOI92m3FdW+xR0SemfuZxrpoNseB5aUiWTEHrMYI5MEZ4arognPLsQM0wDtp128VZKuOZgrFj\/6CsKqmMJM\/DplGIKWEKzmSBqnpgRTdhPsuexB9V1l2Ue1FagmHyHUS4lBcwjwrSk6A1mHKtAzmAIn5eGskFEEpJXIXXEQ9L9KckJozGanubhRCyeX7ydkWHnWUzyVIexsZ4EoocJr3nmen0TXvIQSYJBujnFF2RINQzctZ4C1FpyJrLBfRt1Wfyl1r8\/K55G1uMk0g9pGAAZVvFyeX7\/9T\/PoWrw+6\/\/RiIii47TWQrKQU5AsMc8CkJIgPCCKSybm7mhf0JkknEZ8hNCqmBGKrEZYlto+AXKagQdmSZJEZDWUvs0hT06TYSHrIilzqSjCP22+w0z7JkQaiYWNvbnkC1PgyKEj1MTJ0LRKzSx8ZSn9U0kvY5RFiQMITnskkXRrst+yPCIP7yj2c++iBWUGl+8m05FCNvnkEQBQkET8Sy7HmOmNpnBpPAj6yfKigUlsgI3xSlgFhdvfWlDG9nEnkBxcybI5i+NQp0S8kSoufCtwc5Sn4fW46QFWTBig0F3j0VZjZOYP734zVfQmsuLtycQjMQPKZ4kfPbfXs96j2Oe22NK6KQHCj32UJyJiHSmOHv24yvnRaGPUNM4nKGyQPQI9YViEwYbI4jNWW5omvQCEhC+DVaUxSd52uSWzkVQ5JJgxsJYz6hU3jzoJ6jU2iyhfOAdtsaLmWPfHLd1xPDcAmQ0iaXhUFcNRm4DMgSkR7NKiOP2MiqoHVx5jvHTaCw5lcE3zD6LwDOIp2\/dO8npfVZ7XiOIg+nSUkPd3WcTQelYYkVczQK571JRidnNIEpiBUamQWbMJ\/OZimEMUApjtc\/UbMw7w729Llv9cHuuu1ObmXDPQ51wQjEF75V4BRwhXAVH\/NTJlRm47u0aqfPiw5Va0A6g\/ESZLdfMNQ3FKU1UZoOI99yGvasDm415fo0a8CIecq86KER+zezFwDg2Jo5WI9colVsIlbt8nzWNthZbZWgV\/xBYu2VgjWPUOGXJoI6h6N56YJ98OE74JDBLOAHBWJviKO4FqcbMEgzXYqWJFxm14t+te\/a5bssMUBVnhXUorND7WX+RVuvRVoGuTNkMsjJJ\/hZhWeEsluESy6kStL6iknUieD8neIeidKcQ4Jq9zxjKv9R2pduntYF8qpngWjBX33cWYjwPjHMpUq0OXJO8+36MBWoltRPpTKhprJAwesJD0Rn0BqsyVxN9K9Zlo+c1z11fuL3ZUHv38ip7jdXVBCYUw+71EBcTu9uYiGGhXr4+3Rp+T39yE09Bz5lSB4fKwFXAw+qADs4ECsawLEwWuijTUUUlfpl6K2QjTs1760g9w8vF7ZrKi313PGyBVJBQNjGdoDt7U7XP7nD3+M7e\/TXr\/DLGxiK9v804G9VYoMA6C8URUGMl+NwhwHUqmIR86QRAL91ekXV4zcvaesxVDXWnt1pvN8SilYl29ugJbUN44GFLnLeKNTlbZUGYhOicGwiM3krJ6m+areZ63PCsEXAm2GzNnURhkzWhoDhsuQ08UFkHIojiMFyHz6jDV0vHLBNx2Fox34J2EojF+3AnqUJzbZxUgZ9vTKL3+329CMIw0L2J38f2WJz2Ej\/5Dq2+GaFpMOLw9vDxIsGPkyF+JHwmNP4f7Ln3GsRDMgKt+duoLxKHe1gg+\/anw1\/zjBfPrPUkU+T7+PQvt9zde\/dzYUek2KGbwXJlR\/Dn3Qxi+KwYNL6IBA0NsnftY+WeYPNtYcMcCNhovDy0LUsGsh8JxvWkzpo0sYrc3j2G0vi7Ugcvpblu7z5eGez27sPbw73MaHuZ2fZKw+1tNF3hQwrTu42xJE7SJOspDlv3XHfjcFYxDlt7a+OBdng4TqPDVs6kGZIpWlWpQSfrC5AGtnnNdlPb0gdJXSCwBh65dRTGnMo4JVkluQooUEeDGoMtSMMVk8vQdquylIJUMepy6CQgj1clrVHoY8rRprfV5zqOhVD3YRnD0KOpgqlGBKoWmka1cfzAw36\/MR4J48cgA4+YxlCeKa1bDXg1uWuFpFJlimSwQTYYbsJ5f8V5b8iuECgxN4ti49FO3Dhs0ziTcuNseO1TSww533pGSG9E1DYGTi3Sd+ux46x2U6z+6jQzoiBppaZlfQI0ytFWU9\/czkWSY3v7IevGZUXjCmsxj5JmKSZQrRITICvE9tOqDtNrswxbWK0KE6RWhKs8v0ANLpy+ivjN3UG1hWFlH5h1BNs6mtq0LGSy3TK8Uw+YRoWzm4pK\/ePVMU4diPW0CGFsaWLlxImQpeMPWzLeEo8NFi5bS4IGxoC9X9Bhk9kBbb49tHJUXbEq6KWclImk50HihPxsafuq3Gwms\/8IE9Eyttj6ky1oVBju7m4dz5No63ixVG5F0GqyLWXyY6t+mtCyofuJH5u4SMT+sx9f3R66xUlo32qTA48Vsqz3w4snm7h+cYY8hP7AYxZro6ntprKO1K8HwfoCWAmL9dD7sKdJdftSvGkuP7qc2p859lE5tvfHyrEXQsrll8yxSxmWOWax3pdjBdKfOfZ\/lmN3\/oDrmPPFM+0D2NbXNOeDsq6O+sfPvcr2dHX+xVj\/azS+geTZQSUN6K\/7H3Eabfg4FJKfOLZ\/BuTNDTz2WJYjT2V56Ung5plmCSvOP7WYxYKlwWqkOAgex6FnocWx3l37WFB+j8ru0tmvvVcjqBdoOqnE1DCezOsXGFtvaIorH7bPdocffUWTs6QDfplGo+IC5gYrZalcJJ1\/\/JXKOv1rt2pxjzlwc8onQplgwsPCvVHgeaH4hPshG3corDJJzTWrcmUyr0U7J58Q0OteDZnsDuyqiE3jSaq7sMCnUbK+6VnEfMNNI5mrANFkZ\/pWRhqaquntHfLAHXbZ6ofb29u5EoN\/lmk+RKEkDsqC9WXrmOVG7YTi2S2srRY0Ut587aLE3c05FmXPtW9r9+wVoK3rkCoOA68KL74ykRPMoYVkj3bpTzay9hWUW4\/tY0fr1\/4Zpcrtfqbb1d5AVy9xaEWjG7bKIS58bkNh7SS6tlA3w2PTwr152T2wgcSys9DioJaaNqI0Qm0eC0XHRJJHYg14wsNU2APMfim\/vSvM6VEY9F\/zE55BV1IF0w57\/c8U\/VCn3aur2d7pQZUZFq4jNmA7qzt0dsmMaaC06ez0lIhQdDo7a9\/2Qa81yW8w7aG4VcTtIFO67LTLll1GvdooipWosQymrEO6xNMVAjs8ZC36CtsU6em1avgMNlFVVDbloRb3N3wBKSOe6wRBdno+1w\/In512UfbaOw3qSphUycuIEn9q8fXIHsQuUSsO2aCCi2bVTHzWWTZITyg6B\/v18CART9nRYYNkY6ptxlGgaWvTmwnzKNvlfL986nXatZiBr2zQsCbFxjfFzuuvAupeActT9teaKTZwshfP99fsMty\/Tm23MHU2ewPhN7gKBwy+kM2dT7S589lGH2y08w37WBbu53I4fa8n867iKlWpmI8qId1qdNrN67h2l7Xtj+aRfzlA\/\/JdKT66OaRdKYXZa+X7R+ebdmxlWbZV2C5BDokey07bflkANMr621mL3HpFNn6gwbIL74M7DCFUMGnvNMy8pQxCwDpmKVqixMmVSTa4SskktUpXJNmVCoaV6MoE+1xfUsL2v2YPfPs7K7bTBfusdbHNbI8Ve\/3KWm+7YzulEIghpA39rsHaIo9615uLJRXX9iOi2GYbFnYTZ232IWRQWjyVpljAiarN1s5OXUGalnVltvhjam0G6NAvsnRavdXphRMGcq5bOz064OrYpktn16qtddqVC0TIpnjU5MCNUego6KwMONilTuOGD2yTk2t2VBV2zb0r\/eul9fwGu1F5NkVBPjUrNKtYyGfUgiADbax3OZ5RqVgvSrX+0BaxsZGjD47e7UlF7Oom2xi0ZcCip7cNb\/l9Curqjy5vyA\/6VLe3Hn1VD72qtMl35WKCxcdbvjTcUI+KQJ7EURIKI9oVTan1zjtaMlOEPebIzrOhXxinvSFDcvO21jasiNTsmBYWbdi0zqJzCYmdTQtcebJUb0ZKhbGZfHSCD8\/oNzBAqdN++I\/nD7Lz12cIAHTQK4d3Gip9gh0+wxKfaIpa9J+vRdr5Wrh99T8=\" \/> \t\t<a href=\"https:\/\/www.pdf24.org\" target=\"_blank\" title=\"www.pdf24.org\" rel=\"nofollow\"><img src=\"https:\/\/swillis.ch\/wp-content\/plugins\/pdf24-post-to-pdf\/img\/pdf_32x32.png\" alt=\"\" border=\"0\" height=\"32\" \/><\/a> \t\t<span class=\"pdf24Plugin-cp-space\">&nbsp;&nbsp;<\/span> \t\t<span class=\"pdf24Plugin-cp-text\">Send article as PDF<\/span> \t\t<span class=\"pdf24Plugin-cp-space\">&nbsp;&nbsp;<\/span> \t\t<input class=\"pdf24Plugin-cp-input\" style=\"margin: 0px;\" type=\"text\" name=\"sendEmailTo\" placeholder=\"Enter email address\" \/> \t\t<input class=\"pdf24Plugin-cp-submit\" style=\"margin: 0px;\" type=\"submit\" value=\"Send\" \/> \t<\/form> <\/div>","protected":false},"excerpt":{"rendered":"<p>Die Entscheidung 2014 Schon lange war klar, dass wir beide nicht bis zum Alter von 65 arbeiten werden, sondern noch etwas von der Welt sehen und erleben m\u00f6chten. Im Sommer 2014 (welcher Sommer?) haben wir uns definitiv entschieden, ab Mitte 2017 die Welt zu bereisen, nicht nur jeweils f\u00fcr wenige Wochen, sondern auf unbeschr\u00e4nkte Zeit [&hellip;]<\/p>\n","protected":false},"author":1,"featured_media":0,"parent":240,"menu_order":99,"comment_status":"open","ping_status":"closed","template":"","meta":{"jetpack_post_was_ever_published":false,"footnotes":""},"jetpack_sharing_enabled":true,"jetpack_shortlink":"https:\/\/wp.me\/P8QH5N-ok","jetpack-related-posts":[],"_links":{"self":[{"href":"https:\/\/swillis.ch\/index.php?rest_route=\/wp\/v2\/pages\/1508"}],"collection":[{"href":"https:\/\/swillis.ch\/index.php?rest_route=\/wp\/v2\/pages"}],"about":[{"href":"https:\/\/swillis.ch\/index.php?rest_route=\/wp\/v2\/types\/page"}],"author":[{"embeddable":true,"href":"https:\/\/swillis.ch\/index.php?rest_route=\/wp\/v2\/users\/1"}],"replies":[{"embeddable":true,"href":"https:\/\/swillis.ch\/index.php?rest_route=%2Fwp%2Fv2%2Fcomments&post=1508"}],"version-history":[{"count":4,"href":"https:\/\/swillis.ch\/index.php?rest_route=\/wp\/v2\/pages\/1508\/revisions"}],"predecessor-version":[{"id":1530,"href":"https:\/\/swillis.ch\/index.php?rest_route=\/wp\/v2\/pages\/1508\/revisions\/1530"}],"up":[{"embeddable":true,"href":"https:\/\/swillis.ch\/index.php?rest_route=\/wp\/v2\/pages\/240"}],"wp:attachment":[{"href":"https:\/\/swillis.ch\/index.php?rest_route=%2Fwp%2Fv2%2Fmedia&parent=1508"}],"curies":[{"name":"wp","href":"https:\/\/api.w.org\/{rel}","templated":true}]}}